{"id":276,"date":"2024-12-03T08:52:52","date_gmt":"2024-12-03T11:52:52","guid":{"rendered":"https:\/\/zanotti.com.br\/?page_id=276"},"modified":"2026-04-10T09:57:03","modified_gmt":"2026-04-10T12:57:03","slug":"sobre-a-zanotti","status":"publish","type":"page","link":"https:\/\/zanotti.com.br\/en\/sobre-a-zanotti\/","title":{"rendered":"About Zanotti"},"content":{"rendered":"<p><\/p>\n<h2 class=\"primary-color&quot;\">A reference in the elastic tape segment throughout the Americas and one of the largest in the world.<\/h2>\n<p>From the dream of a young student to a great achievement that today represents one of the largest and most recognized elastic tape companies in the world.<\/p>\n<p>&nbsp;<\/p>","protected":false},"excerpt":{"rendered":"<p>A reference in the elastic tape segment throughout the Americas and one of the largest in the world. From the dream of a young student to a great achievement that today represents one of the largest and most recognized elastic tape companies in the world. &nbsp;<\/p>\n","protected":false},"author":1,"featured_media":1462,"parent":0,"menu_order":0,"comment_status":"closed","ping_status":"closed","template":"institucional-sobre.php","meta":{"_acf_changed":false,"footnotes":""},"class_list":["post-276","page","type-page","status-publish","has-post-thumbnail","hentry"],"acf":[],"yoast_head":"<!-- This site is optimized with the Yoast SEO plugin v27.4 - https:\/\/yoast.com\/product\/yoast-seo-wordpress\/ -->\n<title>About Zanotti - Zanotti El\u00e1sticos<\/title>\n<meta name=\"description\" content=\"A Zanotti \u00e9 refer\u00eancia nacional e internacional na produ\u00e7\u00e3o de fitas e el\u00e1sticos. H\u00e1 mais de 45 anos criando solu\u00e7\u00f5es para o mercado.\" \/>\n<meta name=\"robots\" content=\"index, follow, max-snippet:-1, max-image-preview:large, max-video-preview:-1\" \/>\n<link rel=\"canonical\" href=\"https:\/\/zanotti.com.br\/sobre-a-zanotti\/\" \/>\n<meta property=\"og:locale\" content=\"en_US\" \/>\n<meta property=\"og:type\" content=\"article\" \/>\n<meta property=\"og:title\" content=\"[:pb]Sobre a Zanotti[:en]About Zanotti[:es]Sobre Zanotti[:] - Zanotti El\u00e1sticos\" \/>\n<meta property=\"og:description\" content=\"A Zanotti \u00e9 refer\u00eancia nacional e internacional na produ\u00e7\u00e3o de fitas e el\u00e1sticos. H\u00e1 mais de 45 anos criando solu\u00e7\u00f5es para o mercado.\" \/>\n<meta property=\"og:url\" content=\"https:\/\/zanotti.com.br\/sobre-a-zanotti\/\" \/>\n<meta property=\"og:site_name\" content=\"Zanotti El\u00e1sticos\" \/>\n<meta property=\"article:modified_time\" content=\"2026-04-10T12:57:03+00:00\" \/>\n<meta property=\"og:image\" content=\"https:\/\/zanotti.com.br\/wp-content\/uploads\/2026\/03\/banners-site-1-1024x683.png\" \/>\n\t<meta property=\"og:image:width\" content=\"1024\" \/>\n\t<meta property=\"og:image:height\" content=\"683\" \/>\n\t<meta property=\"og:image:type\" content=\"image\/png\" \/>\n<meta name=\"twitter:card\" content=\"summary_large_image\" \/>\n<meta name=\"twitter:label1\" content=\"Est. reading time\" \/>\n\t<meta name=\"twitter:data1\" content=\"1 minute\" \/>\n<script type=\"application\/ld+json\" class=\"yoast-schema-graph\">{\"@context\":\"https:\\\/\\\/schema.org\",\"@graph\":[{\"@type\":\"WebPage\",\"@id\":\"https:\\\/\\\/zanotti.com.br\\\/sobre-a-zanotti\\\/\",\"url\":\"https:\\\/\\\/zanotti.com.br\\\/sobre-a-zanotti\\\/\",\"name\":\"[:pb]Sobre a Zanotti[:en]About Zanotti[:es]Sobre Zanotti[:] - Zanotti El\u00e1sticos\",\"isPartOf\":{\"@id\":\"https:\\\/\\\/zanotti.com.br\\\/#website\"},\"primaryImageOfPage\":{\"@id\":\"https:\\\/\\\/zanotti.com.br\\\/sobre-a-zanotti\\\/#primaryimage\"},\"image\":{\"@id\":\"https:\\\/\\\/zanotti.com.br\\\/sobre-a-zanotti\\\/#primaryimage\"},\"thumbnailUrl\":\"https:\\\/\\\/zanotti.com.br\\\/wp-content\\\/uploads\\\/2026\\\/03\\\/banners-site-1-scaled.png\",\"datePublished\":\"2024-12-03T11:52:52+00:00\",\"dateModified\":\"2026-04-10T12:57:03+00:00\",\"description\":\"A Zanotti \u00e9 refer\u00eancia nacional e internacional na produ\u00e7\u00e3o de fitas e el\u00e1sticos. H\u00e1 mais de 45 anos criando solu\u00e7\u00f5es para o mercado.\",\"breadcrumb\":{\"@id\":\"https:\\\/\\\/zanotti.com.br\\\/sobre-a-zanotti\\\/#breadcrumb\"},\"inLanguage\":\"en-US\",\"potentialAction\":[{\"@type\":\"ReadAction\",\"target\":[\"https:\\\/\\\/zanotti.com.br\\\/sobre-a-zanotti\\\/\"]}]},{\"@type\":\"ImageObject\",\"inLanguage\":\"en-US\",\"@id\":\"https:\\\/\\\/zanotti.com.br\\\/sobre-a-zanotti\\\/#primaryimage\",\"url\":\"https:\\\/\\\/zanotti.com.br\\\/wp-content\\\/uploads\\\/2026\\\/03\\\/banners-site-1-scaled.png\",\"contentUrl\":\"https:\\\/\\\/zanotti.com.br\\\/wp-content\\\/uploads\\\/2026\\\/03\\\/banners-site-1-scaled.png\",\"width\":2560,\"height\":1707},{\"@type\":\"BreadcrumbList\",\"@id\":\"https:\\\/\\\/zanotti.com.br\\\/sobre-a-zanotti\\\/#breadcrumb\",\"itemListElement\":[{\"@type\":\"ListItem\",\"position\":1,\"name\":\"In\u00edcio\",\"item\":\"https:\\\/\\\/zanotti.com.br\\\/\"},{\"@type\":\"ListItem\",\"position\":2,\"name\":\"Sobre a Zanotti\"}]},{\"@type\":\"WebSite\",\"@id\":\"https:\\\/\\\/zanotti.com.br\\\/#website\",\"url\":\"https:\\\/\\\/zanotti.com.br\\\/\",\"name\":\"Zanotti El\u00e1sticos\",\"description\":\"\",\"publisher\":{\"@id\":\"https:\\\/\\\/zanotti.com.br\\\/#organization\"},\"potentialAction\":[{\"@type\":\"SearchAction\",\"target\":{\"@type\":\"EntryPoint\",\"urlTemplate\":\"https:\\\/\\\/zanotti.com.br\\\/?s={search_term_string}\"},\"query-input\":{\"@type\":\"PropertyValueSpecification\",\"valueRequired\":true,\"valueName\":\"search_term_string\"}}],\"inLanguage\":\"en-US\"},{\"@type\":\"Organization\",\"@id\":\"https:\\\/\\\/zanotti.com.br\\\/#organization\",\"name\":\"Zanotti El\u00e1sticos\",\"url\":\"https:\\\/\\\/zanotti.com.br\\\/\",\"logo\":{\"@type\":\"ImageObject\",\"inLanguage\":\"en-US\",\"@id\":\"https:\\\/\\\/zanotti.com.br\\\/#\\\/schema\\\/logo\\\/image\\\/\",\"url\":\"https:\\\/\\\/zanotti.com.br\\\/wp-content\\\/uploads\\\/2025\\\/01\\\/zanotti-icone.png\",\"contentUrl\":\"https:\\\/\\\/zanotti.com.br\\\/wp-content\\\/uploads\\\/2025\\\/01\\\/zanotti-icone.png\",\"width\":512,\"height\":512,\"caption\":\"Zanotti El\u00e1sticos\"},\"image\":{\"@id\":\"https:\\\/\\\/zanotti.com.br\\\/#\\\/schema\\\/logo\\\/image\\\/\"}}]}<\/script>\n<!-- \/ Yoast SEO plugin. -->","yoast_head_json":{"title":"[:pb]Sobre a Zanotti[:en]About Zanotti[:es]Sobre Zanotti[:] - Zanotti El\u00e1sticos","description":"A Zanotti \u00e9 refer\u00eancia nacional e internacional na produ\u00e7\u00e3o de fitas e el\u00e1sticos. H\u00e1 mais de 45 anos criando solu\u00e7\u00f5es para o mercado.","robots":{"index":"index","follow":"follow","max-snippet":"max-snippet:-1","max-image-preview":"max-image-preview:large","max-video-preview":"max-video-preview:-1"},"canonical":"https:\/\/zanotti.com.br\/sobre-a-zanotti\/","og_locale":"en_US","og_type":"article","og_title":"[:pb]Sobre a Zanotti[:en]About Zanotti[:es]Sobre Zanotti[:] - Zanotti El\u00e1sticos","og_description":"A Zanotti \u00e9 refer\u00eancia nacional e internacional na produ\u00e7\u00e3o de fitas e el\u00e1sticos. H\u00e1 mais de 45 anos criando solu\u00e7\u00f5es para o mercado.","og_url":"https:\/\/zanotti.com.br\/sobre-a-zanotti\/","og_site_name":"Zanotti El\u00e1sticos","article_modified_time":"2026-04-10T12:57:03+00:00","og_image":[{"width":1024,"height":683,"url":"https:\/\/zanotti.com.br\/wp-content\/uploads\/2026\/03\/banners-site-1-1024x683.png","type":"image\/png"}],"twitter_card":"summary_large_image","twitter_misc":{"Est. reading time":"1 minute"},"schema":{"@context":"https:\/\/schema.org","@graph":[{"@type":"WebPage","@id":"https:\/\/zanotti.com.br\/sobre-a-zanotti\/","url":"https:\/\/zanotti.com.br\/sobre-a-zanotti\/","name":"[:pb]Sobre a Zanotti[:en]About Zanotti[:es]Sobre Zanotti[:] - Zanotti El\u00e1sticos","isPartOf":{"@id":"https:\/\/zanotti.com.br\/#website"},"primaryImageOfPage":{"@id":"https:\/\/zanotti.com.br\/sobre-a-zanotti\/#primaryimage"},"image":{"@id":"https:\/\/zanotti.com.br\/sobre-a-zanotti\/#primaryimage"},"thumbnailUrl":"https:\/\/zanotti.com.br\/wp-content\/uploads\/2026\/03\/banners-site-1-scaled.png","datePublished":"2024-12-03T11:52:52+00:00","dateModified":"2026-04-10T12:57:03+00:00","description":"A Zanotti \u00e9 refer\u00eancia nacional e internacional na produ\u00e7\u00e3o de fitas e el\u00e1sticos. H\u00e1 mais de 45 anos criando solu\u00e7\u00f5es para o mercado.","breadcrumb":{"@id":"https:\/\/zanotti.com.br\/sobre-a-zanotti\/#breadcrumb"},"inLanguage":"en-US","potentialAction":[{"@type":"ReadAction","target":["https:\/\/zanotti.com.br\/sobre-a-zanotti\/"]}]},{"@type":"ImageObject","inLanguage":"en-US","@id":"https:\/\/zanotti.com.br\/sobre-a-zanotti\/#primaryimage","url":"https:\/\/zanotti.com.br\/wp-content\/uploads\/2026\/03\/banners-site-1-scaled.png","contentUrl":"https:\/\/zanotti.com.br\/wp-content\/uploads\/2026\/03\/banners-site-1-scaled.png","width":2560,"height":1707},{"@type":"BreadcrumbList","@id":"https:\/\/zanotti.com.br\/sobre-a-zanotti\/#breadcrumb","itemListElement":[{"@type":"ListItem","position":1,"name":"In\u00edcio","item":"https:\/\/zanotti.com.br\/"},{"@type":"ListItem","position":2,"name":"Sobre a Zanotti"}]},{"@type":"WebSite","@id":"https:\/\/zanotti.com.br\/#website","url":"https:\/\/zanotti.com.br\/","name":"Zanotti El\u00e1sticos","description":"","publisher":{"@id":"https:\/\/zanotti.com.br\/#organization"},"potentialAction":[{"@type":"SearchAction","target":{"@type":"EntryPoint","urlTemplate":"https:\/\/zanotti.com.br\/?s={search_term_string}"},"query-input":{"@type":"PropertyValueSpecification","valueRequired":true,"valueName":"search_term_string"}}],"inLanguage":"en-US"},{"@type":"Organization","@id":"https:\/\/zanotti.com.br\/#organization","name":"Zanotti El\u00e1sticos","url":"https:\/\/zanotti.com.br\/","logo":{"@type":"ImageObject","inLanguage":"en-US","@id":"https:\/\/zanotti.com.br\/#\/schema\/logo\/image\/","url":"https:\/\/zanotti.com.br\/wp-content\/uploads\/2025\/01\/zanotti-icone.png","contentUrl":"https:\/\/zanotti.com.br\/wp-content\/uploads\/2025\/01\/zanotti-icone.png","width":512,"height":512,"caption":"Zanotti El\u00e1sticos"},"image":{"@id":"https:\/\/zanotti.com.br\/#\/schema\/logo\/image\/"}}]}},"_links":{"self":[{"href":"https:\/\/zanotti.com.br\/en\/wp-json\/wp\/v2\/pages\/276","targetHints":{"allow":["GET"]}}],"collection":[{"href":"https:\/\/zanotti.com.br\/en\/wp-json\/wp\/v2\/pages"}],"about":[{"href":"https:\/\/zanotti.com.br\/en\/wp-json\/wp\/v2\/types\/page"}],"author":[{"embeddable":true,"href":"https:\/\/zanotti.com.br\/en\/wp-json\/wp\/v2\/users\/1"}],"replies":[{"embeddable":true,"href":"https:\/\/zanotti.com.br\/en\/wp-json\/wp\/v2\/comments?post=276"}],"version-history":[{"count":48,"href":"https:\/\/zanotti.com.br\/en\/wp-json\/wp\/v2\/pages\/276\/revisions"}],"predecessor-version":[{"id":1474,"href":"https:\/\/zanotti.com.br\/en\/wp-json\/wp\/v2\/pages\/276\/revisions\/1474"}],"wp:featuredmedia":[{"embeddable":true,"href":"https:\/\/zanotti.com.br\/en\/wp-json\/wp\/v2\/media\/1462"}],"wp:attachment":[{"href":"https:\/\/zanotti.com.br\/en\/wp-json\/wp\/v2\/media?parent=276"}],"curies":[{"name":"wp","href":"https:\/\/api.w.org\/{rel}","templated":true}]}}