{"id":397,"date":"2025-01-08T09:35:01","date_gmt":"2025-01-08T12:35:01","guid":{"rendered":"https:\/\/zanotti.com.br\/?page_id=397"},"modified":"2025-11-27T06:36:34","modified_gmt":"2025-11-27T09:36:34","slug":"nossas-vagas","status":"publish","type":"page","link":"https:\/\/zanotti.com.br\/en\/nossas-vagas\/","title":{"rendered":"Nossas vagas"},"content":{"rendered":"<p class=\"qtranxs-available-languages-message qtranxs-available-languages-message-en\">Sorry, this entry is only available in <a href=\"https:\/\/zanotti.com.br\/pb\/wp-json\/wp\/v2\/pages\/397\" class=\"qtranxs-available-language-link qtranxs-available-language-link-pb\" title=\"Portugu\u00eas do Brasil\">Portugu\u00eas do Brasil<\/a>.<\/p>","protected":false},"excerpt":{"rendered":"<p><b>Cadastre-se para essa vaga<\/b><\/p>\n<p>Envie o seu curr\u00edculo e aguarde o contato do nosso time de Gest\u00e3o de Pessoas. Se voc\u00ea precisar de alguma informa\u00e7\u00e3o adicional, \u00e9 s\u00f3 falar com a gente pelo e-mail XXXXX<\/p>\n","protected":false},"author":1,"featured_media":485,"parent":0,"menu_order":0,"comment_status":"closed","ping_status":"closed","template":"trabalhe-vagas.php","meta":{"_acf_changed":false,"footnotes":""},"class_list":["post-397","page","type-page","status-publish","has-post-thumbnail","hentry"],"acf":[],"yoast_head":"<!-- This site is optimized with the Yoast SEO plugin v27.5 - https:\/\/yoast.com\/product\/yoast-seo-wordpress\/ -->\n<title><\/title>\n<meta name=\"description\" content=\"Veja quais vagas de emprego est\u00e3o dispon\u00edveis na Zanotti El\u00e1sticos. Vagas para os setores produtivos e administrativos.\" \/>\n<meta name=\"robots\" content=\"index, follow, max-snippet:-1, max-image-preview:large, max-video-preview:-1\" \/>\n<link rel=\"canonical\" href=\"https:\/\/zanotti.com.br\/nossas-vagas\/\" \/>\n<meta property=\"og:locale\" content=\"en_US\" \/>\n<meta property=\"og:type\" content=\"article\" \/>\n<meta property=\"og:title\" content=\"[:pb]Nossas vagas[:] - Zanotti El\u00e1sticos\" \/>\n<meta property=\"og:description\" content=\"Veja quais vagas de emprego est\u00e3o dispon\u00edveis na Zanotti El\u00e1sticos. Vagas para os setores produtivos e administrativos.\" \/>\n<meta property=\"og:url\" content=\"https:\/\/zanotti.com.br\/nossas-vagas\/\" \/>\n<meta property=\"og:site_name\" content=\"Zanotti El\u00e1sticos\" \/>\n<meta property=\"article:modified_time\" content=\"2025-11-27T09:36:34+00:00\" \/>\n<meta property=\"og:image\" content=\"https:\/\/zanotti.com.br\/wp-content\/uploads\/2025\/01\/trabalhe-vagas.jpg\" \/>\n\t<meta property=\"og:image:width\" content=\"855\" \/>\n\t<meta property=\"og:image:height\" content=\"548\" \/>\n\t<meta property=\"og:image:type\" content=\"image\/jpeg\" \/>\n<meta name=\"twitter:card\" content=\"summary_large_image\" \/>\n<meta name=\"twitter:label1\" content=\"Est. reading time\" \/>\n\t<meta name=\"twitter:data1\" content=\"1 minute\" \/>\n<script type=\"application\/ld+json\" class=\"yoast-schema-graph\">{\"@context\":\"https:\\\/\\\/schema.org\",\"@graph\":[{\"@type\":\"WebPage\",\"@id\":\"https:\\\/\\\/zanotti.com.br\\\/nossas-vagas\\\/\",\"url\":\"https:\\\/\\\/zanotti.com.br\\\/nossas-vagas\\\/\",\"name\":\"[:pb]Nossas vagas[:] - Zanotti El\u00e1sticos\",\"isPartOf\":{\"@id\":\"https:\\\/\\\/zanotti.com.br\\\/#website\"},\"primaryImageOfPage\":{\"@id\":\"https:\\\/\\\/zanotti.com.br\\\/nossas-vagas\\\/#primaryimage\"},\"image\":{\"@id\":\"https:\\\/\\\/zanotti.com.br\\\/nossas-vagas\\\/#primaryimage\"},\"thumbnailUrl\":\"https:\\\/\\\/zanotti.com.br\\\/wp-content\\\/uploads\\\/2025\\\/01\\\/trabalhe-vagas.jpg\",\"datePublished\":\"2025-01-08T12:35:01+00:00\",\"dateModified\":\"2025-11-27T09:36:34+00:00\",\"description\":\"Veja quais vagas de emprego est\u00e3o dispon\u00edveis na Zanotti El\u00e1sticos. Vagas para os setores produtivos e administrativos.\",\"breadcrumb\":{\"@id\":\"https:\\\/\\\/zanotti.com.br\\\/nossas-vagas\\\/#breadcrumb\"},\"inLanguage\":\"en-US\",\"potentialAction\":[{\"@type\":\"ReadAction\",\"target\":[\"https:\\\/\\\/zanotti.com.br\\\/nossas-vagas\\\/\"]}]},{\"@type\":\"ImageObject\",\"inLanguage\":\"en-US\",\"@id\":\"https:\\\/\\\/zanotti.com.br\\\/nossas-vagas\\\/#primaryimage\",\"url\":\"https:\\\/\\\/zanotti.com.br\\\/wp-content\\\/uploads\\\/2025\\\/01\\\/trabalhe-vagas.jpg\",\"contentUrl\":\"https:\\\/\\\/zanotti.com.br\\\/wp-content\\\/uploads\\\/2025\\\/01\\\/trabalhe-vagas.jpg\",\"width\":855,\"height\":548},{\"@type\":\"BreadcrumbList\",\"@id\":\"https:\\\/\\\/zanotti.com.br\\\/nossas-vagas\\\/#breadcrumb\",\"itemListElement\":[{\"@type\":\"ListItem\",\"position\":1,\"name\":\"In\u00edcio\",\"item\":\"https:\\\/\\\/zanotti.com.br\\\/\"},{\"@type\":\"ListItem\",\"position\":2,\"name\":\"Nossas vagas\"}]},{\"@type\":\"WebSite\",\"@id\":\"https:\\\/\\\/zanotti.com.br\\\/#website\",\"url\":\"https:\\\/\\\/zanotti.com.br\\\/\",\"name\":\"Zanotti El\u00e1sticos\",\"description\":\"\",\"publisher\":{\"@id\":\"https:\\\/\\\/zanotti.com.br\\\/#organization\"},\"potentialAction\":[{\"@type\":\"SearchAction\",\"target\":{\"@type\":\"EntryPoint\",\"urlTemplate\":\"https:\\\/\\\/zanotti.com.br\\\/?s={search_term_string}\"},\"query-input\":{\"@type\":\"PropertyValueSpecification\",\"valueRequired\":true,\"valueName\":\"search_term_string\"}}],\"inLanguage\":\"en-US\"},{\"@type\":\"Organization\",\"@id\":\"https:\\\/\\\/zanotti.com.br\\\/#organization\",\"name\":\"Zanotti El\u00e1sticos\",\"url\":\"https:\\\/\\\/zanotti.com.br\\\/\",\"logo\":{\"@type\":\"ImageObject\",\"inLanguage\":\"en-US\",\"@id\":\"https:\\\/\\\/zanotti.com.br\\\/#\\\/schema\\\/logo\\\/image\\\/\",\"url\":\"https:\\\/\\\/zanotti.com.br\\\/wp-content\\\/uploads\\\/2025\\\/01\\\/zanotti-icone.png\",\"contentUrl\":\"https:\\\/\\\/zanotti.com.br\\\/wp-content\\\/uploads\\\/2025\\\/01\\\/zanotti-icone.png\",\"width\":512,\"height\":512,\"caption\":\"Zanotti El\u00e1sticos\"},\"image\":{\"@id\":\"https:\\\/\\\/zanotti.com.br\\\/#\\\/schema\\\/logo\\\/image\\\/\"}}]}<\/script>\n<!-- \/ Yoast SEO plugin. -->","yoast_head_json":{"title":"[:pb]Nossas vagas[:] - Zanotti El\u00e1sticos","description":"Veja quais vagas de emprego est\u00e3o dispon\u00edveis na Zanotti El\u00e1sticos. Vagas para os setores produtivos e administrativos.","robots":{"index":"index","follow":"follow","max-snippet":"max-snippet:-1","max-image-preview":"max-image-preview:large","max-video-preview":"max-video-preview:-1"},"canonical":"https:\/\/zanotti.com.br\/nossas-vagas\/","og_locale":"en_US","og_type":"article","og_title":"[:pb]Nossas vagas[:] - Zanotti El\u00e1sticos","og_description":"Veja quais vagas de emprego est\u00e3o dispon\u00edveis na Zanotti El\u00e1sticos. Vagas para os setores produtivos e administrativos.","og_url":"https:\/\/zanotti.com.br\/nossas-vagas\/","og_site_name":"Zanotti El\u00e1sticos","article_modified_time":"2025-11-27T09:36:34+00:00","og_image":[{"width":855,"height":548,"url":"https:\/\/zanotti.com.br\/wp-content\/uploads\/2025\/01\/trabalhe-vagas.jpg","type":"image\/jpeg"}],"twitter_card":"summary_large_image","twitter_misc":{"Est. reading time":"1 minute"},"schema":{"@context":"https:\/\/schema.org","@graph":[{"@type":"WebPage","@id":"https:\/\/zanotti.com.br\/nossas-vagas\/","url":"https:\/\/zanotti.com.br\/nossas-vagas\/","name":"[:pb]Nossas vagas[:] - Zanotti El\u00e1sticos","isPartOf":{"@id":"https:\/\/zanotti.com.br\/#website"},"primaryImageOfPage":{"@id":"https:\/\/zanotti.com.br\/nossas-vagas\/#primaryimage"},"image":{"@id":"https:\/\/zanotti.com.br\/nossas-vagas\/#primaryimage"},"thumbnailUrl":"https:\/\/zanotti.com.br\/wp-content\/uploads\/2025\/01\/trabalhe-vagas.jpg","datePublished":"2025-01-08T12:35:01+00:00","dateModified":"2025-11-27T09:36:34+00:00","description":"Veja quais vagas de emprego est\u00e3o dispon\u00edveis na Zanotti El\u00e1sticos. Vagas para os setores produtivos e administrativos.","breadcrumb":{"@id":"https:\/\/zanotti.com.br\/nossas-vagas\/#breadcrumb"},"inLanguage":"en-US","potentialAction":[{"@type":"ReadAction","target":["https:\/\/zanotti.com.br\/nossas-vagas\/"]}]},{"@type":"ImageObject","inLanguage":"en-US","@id":"https:\/\/zanotti.com.br\/nossas-vagas\/#primaryimage","url":"https:\/\/zanotti.com.br\/wp-content\/uploads\/2025\/01\/trabalhe-vagas.jpg","contentUrl":"https:\/\/zanotti.com.br\/wp-content\/uploads\/2025\/01\/trabalhe-vagas.jpg","width":855,"height":548},{"@type":"BreadcrumbList","@id":"https:\/\/zanotti.com.br\/nossas-vagas\/#breadcrumb","itemListElement":[{"@type":"ListItem","position":1,"name":"In\u00edcio","item":"https:\/\/zanotti.com.br\/"},{"@type":"ListItem","position":2,"name":"Nossas vagas"}]},{"@type":"WebSite","@id":"https:\/\/zanotti.com.br\/#website","url":"https:\/\/zanotti.com.br\/","name":"Zanotti El\u00e1sticos","description":"","publisher":{"@id":"https:\/\/zanotti.com.br\/#organization"},"potentialAction":[{"@type":"SearchAction","target":{"@type":"EntryPoint","urlTemplate":"https:\/\/zanotti.com.br\/?s={search_term_string}"},"query-input":{"@type":"PropertyValueSpecification","valueRequired":true,"valueName":"search_term_string"}}],"inLanguage":"en-US"},{"@type":"Organization","@id":"https:\/\/zanotti.com.br\/#organization","name":"Zanotti El\u00e1sticos","url":"https:\/\/zanotti.com.br\/","logo":{"@type":"ImageObject","inLanguage":"en-US","@id":"https:\/\/zanotti.com.br\/#\/schema\/logo\/image\/","url":"https:\/\/zanotti.com.br\/wp-content\/uploads\/2025\/01\/zanotti-icone.png","contentUrl":"https:\/\/zanotti.com.br\/wp-content\/uploads\/2025\/01\/zanotti-icone.png","width":512,"height":512,"caption":"Zanotti El\u00e1sticos"},"image":{"@id":"https:\/\/zanotti.com.br\/#\/schema\/logo\/image\/"}}]}},"_links":{"self":[{"href":"https:\/\/zanotti.com.br\/en\/wp-json\/wp\/v2\/pages\/397","targetHints":{"allow":["GET"]}}],"collection":[{"href":"https:\/\/zanotti.com.br\/en\/wp-json\/wp\/v2\/pages"}],"about":[{"href":"https:\/\/zanotti.com.br\/en\/wp-json\/wp\/v2\/types\/page"}],"author":[{"embeddable":true,"href":"https:\/\/zanotti.com.br\/en\/wp-json\/wp\/v2\/users\/1"}],"replies":[{"embeddable":true,"href":"https:\/\/zanotti.com.br\/en\/wp-json\/wp\/v2\/comments?post=397"}],"version-history":[{"count":14,"href":"https:\/\/zanotti.com.br\/en\/wp-json\/wp\/v2\/pages\/397\/revisions"}],"predecessor-version":[{"id":1401,"href":"https:\/\/zanotti.com.br\/en\/wp-json\/wp\/v2\/pages\/397\/revisions\/1401"}],"wp:featuredmedia":[{"embeddable":true,"href":"https:\/\/zanotti.com.br\/en\/wp-json\/wp\/v2\/media\/485"}],"wp:attachment":[{"href":"https:\/\/zanotti.com.br\/en\/wp-json\/wp\/v2\/media?parent=397"}],"curies":[{"name":"wp","href":"https:\/\/api.w.org\/{rel}","templated":true}]}}