{"id":1194,"date":"2025-03-13T09:50:21","date_gmt":"2025-03-13T12:50:21","guid":{"rendered":"https:\/\/zanotti.com.br\/?page_id=1194"},"modified":"2025-07-15T16:53:46","modified_gmt":"2025-07-15T19:53:46","slug":"quero-fornecer-para-a-zanotti","status":"publish","type":"page","link":"https:\/\/zanotti.com.br\/es\/quero-fornecer-para-a-zanotti\/","title":{"rendered":"Quiero suministrar a Zanotti"},"content":{"rendered":"<p>\n<div class=\"wpcf7 no-js\" id=\"wpcf7-f1199-o3\" lang=\"pt-BR\" dir=\"ltr\" data-wpcf7-id=\"1199\">\n<div class=\"screen-reader-response\"><p role=\"status\" aria-live=\"polite\" aria-atomic=\"true\"><\/p> <ul><\/ul><\/div>\n<form action=\"\/es\/wp-json\/wp\/v2\/pages\/1194#wpcf7-f1199-o3\" method=\"post\" class=\"wpcf7-form init wpcf7-acceptance-as-validation\" aria-label=\"Formul\u00e1rios de contato\" novalidate=\"novalidate\" data-status=\"init\">\n<fieldset class=\"hidden-fields-container\"><input type=\"hidden\" name=\"_wpcf7\" value=\"1199\" \/><input type=\"hidden\" name=\"_wpcf7_version\" value=\"6.1.5\" \/><input type=\"hidden\" name=\"_wpcf7_locale\" value=\"pt_BR\" \/><input type=\"hidden\" name=\"_wpcf7_unit_tag\" value=\"wpcf7-f1199-o3\" \/><input type=\"hidden\" name=\"_wpcf7_container_post\" value=\"0\" \/><input type=\"hidden\" name=\"_wpcf7_posted_data_hash\" value=\"\" \/><input type=\"hidden\" name=\"_wpcf7_recaptcha_response\" value=\"\" \/>\n<\/fieldset>\n<div class=\"row\">\n\t<div class=\"col-12\">\n\t\t<p><span class=\"wpcf7-form-control-wrap\" data-name=\"nome\"><input size=\"40\" maxlength=\"400\" class=\"wpcf7-form-control wpcf7-text wpcf7-validates-as-required\" aria-required=\"true\" aria-invalid=\"false\" placeholder=\"Nombre\" value=\"\" type=\"text\" name=\"nome\" \/><\/span>\n\t\t<\/p>\n\t<\/div>\n\t<div class=\"col-12\">\n\t\t<p><span class=\"wpcf7-form-control-wrap\" data-name=\"email\"><input size=\"40\" maxlength=\"400\" class=\"wpcf7-form-control wpcf7-email wpcf7-validates-as-required wpcf7-text wpcf7-validates-as-email\" aria-required=\"true\" aria-invalid=\"false\" placeholder=\"E-mail\" value=\"\" type=\"email\" name=\"email\" \/><\/span>\n\t\t<\/p>\n\t<\/div>\n\t<div class=\"col-12\">\n\t\t<p><span class=\"wpcf7-form-control-wrap\" data-name=\"telefone\"><input size=\"40\" maxlength=\"400\" class=\"wpcf7-form-control wpcf7-tel wpcf7-validates-as-required wpcf7-text wpcf7-validates-as-tel\" aria-required=\"true\" aria-invalid=\"false\" placeholder=\"Tel\u00e9fone\" value=\"\" type=\"tel\" name=\"telefone\" \/><\/span>\n\t\t<\/p>\n\t<\/div>\n\t<div class=\"col-12\">\n\t\t<p><span class=\"wpcf7-form-control-wrap\" data-name=\"mensagem\"><textarea cols=\"40\" rows=\"4\" maxlength=\"2000\" class=\"wpcf7-form-control wpcf7-textarea\" aria-invalid=\"false\" placeholder=\"Mensaje\" name=\"mensagem\"><\/textarea><\/span>\n\t\t<\/p>\n\t<\/div>\n\t<div class=\"col-12\">\n\t\t<p><span class=\"wpcf7-form-control-wrap\" data-name=\"acceptance\"><span class=\"wpcf7-form-control wpcf7-acceptance\"><span class=\"wpcf7-list-item\"><label><input type=\"checkbox\" name=\"acceptance\" value=\"1\" aria-invalid=\"false\" \/><span class=\"wpcf7-list-item-label\">Acepto el uso de mis datos para el env\u00edo de novedades, informaci\u00f3n sobre productos y comunicaciones personalizadas de Zanotti. Y que al facilitarme mis datos estar\u00e9 consintiendo la Pol\u00edtica de Privacidad.<\/span><\/label><\/span><\/span><\/span>\n\t\t<\/p>\n\t<\/div>\n\t<div class=\"col-12\">\n\t\t<p><input class=\"wpcf7-form-control wpcf7-submit has-spinner button button--primary\" type=\"submit\" value=\"Enviar\" \/>\n\t\t<\/p>\n\t<\/div>\n<\/div><div class=\"wpcf7-response-output\" aria-hidden=\"true\"><\/div>\n<\/form>\n<\/div>\n<\/p>","protected":false},"excerpt":{"rendered":"","protected":false},"author":1,"featured_media":0,"parent":0,"menu_order":0,"comment_status":"closed","ping_status":"closed","template":"page-contato.php","meta":{"_acf_changed":false,"footnotes":""},"class_list":["post-1194","page","type-page","status-publish","hentry"],"acf":[],"yoast_head":"<!-- This site is optimized with the Yoast SEO plugin v27.4 - https:\/\/yoast.com\/product\/yoast-seo-wordpress\/ -->\n<title>Quiero suministrar a Zanotti - Zanotti El\u00e1sticos<\/title>\n<meta name=\"description\" content=\"Preencha o formul\u00e1rio caso queira fornecer seus produtos ou servi\u00e7os para a Zanotti El\u00e1sticos.\" \/>\n<meta name=\"robots\" content=\"index, follow, max-snippet:-1, max-image-preview:large, max-video-preview:-1\" \/>\n<link rel=\"canonical\" href=\"https:\/\/zanotti.com.br\/quero-fornecer-para-a-zanotti\/\" \/>\n<meta property=\"og:locale\" content=\"es_ES\" \/>\n<meta property=\"og:type\" content=\"article\" \/>\n<meta property=\"og:title\" content=\"[:pb]Quero fornecer para a Zanotti[:en]I want to provide it to Zanotti[:es]Quiero suministrar a Zanotti[:] - Zanotti El\u00e1sticos\" \/>\n<meta property=\"og:description\" content=\"Preencha o formul\u00e1rio caso queira fornecer seus produtos ou servi\u00e7os para a Zanotti El\u00e1sticos.\" \/>\n<meta property=\"og:url\" content=\"https:\/\/zanotti.com.br\/quero-fornecer-para-a-zanotti\/\" \/>\n<meta property=\"og:site_name\" content=\"Zanotti El\u00e1sticos\" \/>\n<meta property=\"article:modified_time\" content=\"2025-07-15T19:53:46+00:00\" \/>\n<meta name=\"twitter:card\" content=\"summary_large_image\" \/>\n<meta name=\"twitter:label1\" content=\"Tiempo de lectura\" \/>\n\t<meta name=\"twitter:data1\" content=\"1 minuto\" \/>\n<script type=\"application\/ld+json\" class=\"yoast-schema-graph\">{\"@context\":\"https:\\\/\\\/schema.org\",\"@graph\":[{\"@type\":\"WebPage\",\"@id\":\"https:\\\/\\\/zanotti.com.br\\\/quero-fornecer-para-a-zanotti\\\/\",\"url\":\"https:\\\/\\\/zanotti.com.br\\\/quero-fornecer-para-a-zanotti\\\/\",\"name\":\"[:pb]Quero fornecer para a Zanotti[:en]I want to provide it to Zanotti[:es]Quiero suministrar a Zanotti[:] - Zanotti El\u00e1sticos\",\"isPartOf\":{\"@id\":\"https:\\\/\\\/zanotti.com.br\\\/#website\"},\"datePublished\":\"2025-03-13T12:50:21+00:00\",\"dateModified\":\"2025-07-15T19:53:46+00:00\",\"description\":\"Preencha o formul\u00e1rio caso queira fornecer seus produtos ou servi\u00e7os para a Zanotti El\u00e1sticos.\",\"breadcrumb\":{\"@id\":\"https:\\\/\\\/zanotti.com.br\\\/quero-fornecer-para-a-zanotti\\\/#breadcrumb\"},\"inLanguage\":\"es\",\"potentialAction\":[{\"@type\":\"ReadAction\",\"target\":[\"https:\\\/\\\/zanotti.com.br\\\/quero-fornecer-para-a-zanotti\\\/\"]}]},{\"@type\":\"BreadcrumbList\",\"@id\":\"https:\\\/\\\/zanotti.com.br\\\/quero-fornecer-para-a-zanotti\\\/#breadcrumb\",\"itemListElement\":[{\"@type\":\"ListItem\",\"position\":1,\"name\":\"In\u00edcio\",\"item\":\"https:\\\/\\\/zanotti.com.br\\\/\"},{\"@type\":\"ListItem\",\"position\":2,\"name\":\"Quero fornecer para a Zanotti\"}]},{\"@type\":\"WebSite\",\"@id\":\"https:\\\/\\\/zanotti.com.br\\\/#website\",\"url\":\"https:\\\/\\\/zanotti.com.br\\\/\",\"name\":\"Zanotti El\u00e1sticos\",\"description\":\"\",\"publisher\":{\"@id\":\"https:\\\/\\\/zanotti.com.br\\\/#organization\"},\"potentialAction\":[{\"@type\":\"SearchAction\",\"target\":{\"@type\":\"EntryPoint\",\"urlTemplate\":\"https:\\\/\\\/zanotti.com.br\\\/?s={search_term_string}\"},\"query-input\":{\"@type\":\"PropertyValueSpecification\",\"valueRequired\":true,\"valueName\":\"search_term_string\"}}],\"inLanguage\":\"es\"},{\"@type\":\"Organization\",\"@id\":\"https:\\\/\\\/zanotti.com.br\\\/#organization\",\"name\":\"Zanotti El\u00e1sticos\",\"url\":\"https:\\\/\\\/zanotti.com.br\\\/\",\"logo\":{\"@type\":\"ImageObject\",\"inLanguage\":\"es\",\"@id\":\"https:\\\/\\\/zanotti.com.br\\\/#\\\/schema\\\/logo\\\/image\\\/\",\"url\":\"https:\\\/\\\/zanotti.com.br\\\/wp-content\\\/uploads\\\/2025\\\/01\\\/zanotti-icone.png\",\"contentUrl\":\"https:\\\/\\\/zanotti.com.br\\\/wp-content\\\/uploads\\\/2025\\\/01\\\/zanotti-icone.png\",\"width\":512,\"height\":512,\"caption\":\"Zanotti El\u00e1sticos\"},\"image\":{\"@id\":\"https:\\\/\\\/zanotti.com.br\\\/#\\\/schema\\\/logo\\\/image\\\/\"}}]}<\/script>\n<!-- \/ Yoast SEO plugin. -->","yoast_head_json":{"title":"[:pb]Quero fornecer para a Zanotti[:en]I want to provide it to Zanotti[:es]Quiero suministrar a Zanotti[:] - Zanotti El\u00e1sticos","description":"Preencha o formul\u00e1rio caso queira fornecer seus produtos ou servi\u00e7os para a Zanotti El\u00e1sticos.","robots":{"index":"index","follow":"follow","max-snippet":"max-snippet:-1","max-image-preview":"max-image-preview:large","max-video-preview":"max-video-preview:-1"},"canonical":"https:\/\/zanotti.com.br\/quero-fornecer-para-a-zanotti\/","og_locale":"es_ES","og_type":"article","og_title":"[:pb]Quero fornecer para a Zanotti[:en]I want to provide it to Zanotti[:es]Quiero suministrar a Zanotti[:] - Zanotti El\u00e1sticos","og_description":"Preencha o formul\u00e1rio caso queira fornecer seus produtos ou servi\u00e7os para a Zanotti El\u00e1sticos.","og_url":"https:\/\/zanotti.com.br\/quero-fornecer-para-a-zanotti\/","og_site_name":"Zanotti El\u00e1sticos","article_modified_time":"2025-07-15T19:53:46+00:00","twitter_card":"summary_large_image","twitter_misc":{"Tiempo de lectura":"1 minuto"},"schema":{"@context":"https:\/\/schema.org","@graph":[{"@type":"WebPage","@id":"https:\/\/zanotti.com.br\/quero-fornecer-para-a-zanotti\/","url":"https:\/\/zanotti.com.br\/quero-fornecer-para-a-zanotti\/","name":"[:pb]Quero fornecer para a Zanotti[:en]I want to provide it to Zanotti[:es]Quiero suministrar a Zanotti[:] - Zanotti El\u00e1sticos","isPartOf":{"@id":"https:\/\/zanotti.com.br\/#website"},"datePublished":"2025-03-13T12:50:21+00:00","dateModified":"2025-07-15T19:53:46+00:00","description":"Preencha o formul\u00e1rio caso queira fornecer seus produtos ou servi\u00e7os para a Zanotti El\u00e1sticos.","breadcrumb":{"@id":"https:\/\/zanotti.com.br\/quero-fornecer-para-a-zanotti\/#breadcrumb"},"inLanguage":"es","potentialAction":[{"@type":"ReadAction","target":["https:\/\/zanotti.com.br\/quero-fornecer-para-a-zanotti\/"]}]},{"@type":"BreadcrumbList","@id":"https:\/\/zanotti.com.br\/quero-fornecer-para-a-zanotti\/#breadcrumb","itemListElement":[{"@type":"ListItem","position":1,"name":"In\u00edcio","item":"https:\/\/zanotti.com.br\/"},{"@type":"ListItem","position":2,"name":"Quero fornecer para a Zanotti"}]},{"@type":"WebSite","@id":"https:\/\/zanotti.com.br\/#website","url":"https:\/\/zanotti.com.br\/","name":"Zanotti El\u00e1sticos","description":"","publisher":{"@id":"https:\/\/zanotti.com.br\/#organization"},"potentialAction":[{"@type":"SearchAction","target":{"@type":"EntryPoint","urlTemplate":"https:\/\/zanotti.com.br\/?s={search_term_string}"},"query-input":{"@type":"PropertyValueSpecification","valueRequired":true,"valueName":"search_term_string"}}],"inLanguage":"es"},{"@type":"Organization","@id":"https:\/\/zanotti.com.br\/#organization","name":"Zanotti El\u00e1sticos","url":"https:\/\/zanotti.com.br\/","logo":{"@type":"ImageObject","inLanguage":"es","@id":"https:\/\/zanotti.com.br\/#\/schema\/logo\/image\/","url":"https:\/\/zanotti.com.br\/wp-content\/uploads\/2025\/01\/zanotti-icone.png","contentUrl":"https:\/\/zanotti.com.br\/wp-content\/uploads\/2025\/01\/zanotti-icone.png","width":512,"height":512,"caption":"Zanotti El\u00e1sticos"},"image":{"@id":"https:\/\/zanotti.com.br\/#\/schema\/logo\/image\/"}}]}},"_links":{"self":[{"href":"https:\/\/zanotti.com.br\/es\/wp-json\/wp\/v2\/pages\/1194","targetHints":{"allow":["GET"]}}],"collection":[{"href":"https:\/\/zanotti.com.br\/es\/wp-json\/wp\/v2\/pages"}],"about":[{"href":"https:\/\/zanotti.com.br\/es\/wp-json\/wp\/v2\/types\/page"}],"author":[{"embeddable":true,"href":"https:\/\/zanotti.com.br\/es\/wp-json\/wp\/v2\/users\/1"}],"replies":[{"embeddable":true,"href":"https:\/\/zanotti.com.br\/es\/wp-json\/wp\/v2\/comments?post=1194"}],"version-history":[{"count":4,"href":"https:\/\/zanotti.com.br\/es\/wp-json\/wp\/v2\/pages\/1194\/revisions"}],"predecessor-version":[{"id":1202,"href":"https:\/\/zanotti.com.br\/es\/wp-json\/wp\/v2\/pages\/1194\/revisions\/1202"}],"wp:attachment":[{"href":"https:\/\/zanotti.com.br\/es\/wp-json\/wp\/v2\/media?parent=1194"}],"curies":[{"name":"wp","href":"https:\/\/api.w.org\/{rel}","templated":true}]}}