{"id":2,"date":"2024-11-21T09:50:46","date_gmt":"2024-11-21T12:50:46","guid":{"rendered":"https:\/\/zanotti.com.br\/?page_id=2"},"modified":"2025-07-15T08:10:02","modified_gmt":"2025-07-15T11:10:02","slug":"linha-de-produtos","status":"publish","type":"page","link":"https:\/\/zanotti.com.br\/es\/linha-de-produtos\/","title":{"rendered":"L\u00ednea de Productos"},"content":{"rendered":"","protected":false},"excerpt":{"rendered":"","protected":false},"author":1,"featured_media":0,"parent":0,"menu_order":0,"comment_status":"closed","ping_status":"closed","template":"page-linhas-de-produtos.php","meta":{"_acf_changed":false,"footnotes":""},"class_list":["post-2","page","type-page","status-publish","hentry"],"acf":[],"yoast_head":"<!-- This site is optimized with the Yoast SEO plugin v27.4 - https:\/\/yoast.com\/product\/yoast-seo-wordpress\/ -->\n<title>L\u00ednea de Productos - Zanotti El\u00e1sticos<\/title>\n<meta name=\"description\" content=\"Conhe\u00e7a as linhas de produtos da Zanotti: solu\u00e7\u00f5es para moda \u00edntima, praia, fitness, casual e aplica\u00e7\u00f5es industriais. El\u00e1sticos de qualidade!\" \/>\n<meta name=\"robots\" content=\"index, follow, max-snippet:-1, max-image-preview:large, max-video-preview:-1\" \/>\n<link rel=\"canonical\" href=\"https:\/\/zanotti.com.br\/linha-de-produtos\/\" \/>\n<meta property=\"og:locale\" content=\"es_ES\" \/>\n<meta property=\"og:type\" content=\"article\" \/>\n<meta property=\"og:title\" content=\"[:pb]Linha de produtos[:en]Product Lines[:es]L\u00ednea de Productos[:] - Zanotti El\u00e1sticos\" \/>\n<meta property=\"og:description\" content=\"Conhe\u00e7a as linhas de produtos da Zanotti: solu\u00e7\u00f5es para moda \u00edntima, praia, fitness, casual e aplica\u00e7\u00f5es industriais. El\u00e1sticos de qualidade!\" \/>\n<meta property=\"og:url\" content=\"https:\/\/zanotti.com.br\/linha-de-produtos\/\" \/>\n<meta property=\"og:site_name\" content=\"Zanotti El\u00e1sticos\" \/>\n<meta property=\"article:modified_time\" content=\"2025-07-15T11:10:02+00:00\" \/>\n<meta name=\"twitter:card\" content=\"summary_large_image\" \/>\n<script type=\"application\/ld+json\" class=\"yoast-schema-graph\">{\"@context\":\"https:\\\/\\\/schema.org\",\"@graph\":[{\"@type\":\"WebPage\",\"@id\":\"https:\\\/\\\/zanotti.com.br\\\/linha-de-produtos\\\/\",\"url\":\"https:\\\/\\\/zanotti.com.br\\\/linha-de-produtos\\\/\",\"name\":\"[:pb]Linha de produtos[:en]Product Lines[:es]L\u00ednea de Productos[:] - Zanotti El\u00e1sticos\",\"isPartOf\":{\"@id\":\"https:\\\/\\\/zanotti.com.br\\\/#website\"},\"datePublished\":\"2024-11-21T12:50:46+00:00\",\"dateModified\":\"2025-07-15T11:10:02+00:00\",\"description\":\"Conhe\u00e7a as linhas de produtos da Zanotti: solu\u00e7\u00f5es para moda \u00edntima, praia, fitness, casual e aplica\u00e7\u00f5es industriais. El\u00e1sticos de qualidade!\",\"breadcrumb\":{\"@id\":\"https:\\\/\\\/zanotti.com.br\\\/linha-de-produtos\\\/#breadcrumb\"},\"inLanguage\":\"es\",\"potentialAction\":[{\"@type\":\"ReadAction\",\"target\":[\"https:\\\/\\\/zanotti.com.br\\\/linha-de-produtos\\\/\"]}]},{\"@type\":\"BreadcrumbList\",\"@id\":\"https:\\\/\\\/zanotti.com.br\\\/linha-de-produtos\\\/#breadcrumb\",\"itemListElement\":[{\"@type\":\"ListItem\",\"position\":1,\"name\":\"In\u00edcio\",\"item\":\"https:\\\/\\\/zanotti.com.br\\\/\"},{\"@type\":\"ListItem\",\"position\":2,\"name\":\"Linha de produtos\"}]},{\"@type\":\"WebSite\",\"@id\":\"https:\\\/\\\/zanotti.com.br\\\/#website\",\"url\":\"https:\\\/\\\/zanotti.com.br\\\/\",\"name\":\"Zanotti El\u00e1sticos\",\"description\":\"\",\"publisher\":{\"@id\":\"https:\\\/\\\/zanotti.com.br\\\/#organization\"},\"potentialAction\":[{\"@type\":\"SearchAction\",\"target\":{\"@type\":\"EntryPoint\",\"urlTemplate\":\"https:\\\/\\\/zanotti.com.br\\\/?s={search_term_string}\"},\"query-input\":{\"@type\":\"PropertyValueSpecification\",\"valueRequired\":true,\"valueName\":\"search_term_string\"}}],\"inLanguage\":\"es\"},{\"@type\":\"Organization\",\"@id\":\"https:\\\/\\\/zanotti.com.br\\\/#organization\",\"name\":\"Zanotti El\u00e1sticos\",\"url\":\"https:\\\/\\\/zanotti.com.br\\\/\",\"logo\":{\"@type\":\"ImageObject\",\"inLanguage\":\"es\",\"@id\":\"https:\\\/\\\/zanotti.com.br\\\/#\\\/schema\\\/logo\\\/image\\\/\",\"url\":\"https:\\\/\\\/zanotti.com.br\\\/wp-content\\\/uploads\\\/2025\\\/01\\\/zanotti-icone.png\",\"contentUrl\":\"https:\\\/\\\/zanotti.com.br\\\/wp-content\\\/uploads\\\/2025\\\/01\\\/zanotti-icone.png\",\"width\":512,\"height\":512,\"caption\":\"Zanotti El\u00e1sticos\"},\"image\":{\"@id\":\"https:\\\/\\\/zanotti.com.br\\\/#\\\/schema\\\/logo\\\/image\\\/\"}}]}<\/script>\n<!-- \/ Yoast SEO plugin. -->","yoast_head_json":{"title":"[:pb]Linha de produtos[:en]Product Lines[:es]L\u00ednea de Productos[:] - Zanotti El\u00e1sticos","description":"Conhe\u00e7a as linhas de produtos da Zanotti: solu\u00e7\u00f5es para moda \u00edntima, praia, fitness, casual e aplica\u00e7\u00f5es industriais. El\u00e1sticos de qualidade!","robots":{"index":"index","follow":"follow","max-snippet":"max-snippet:-1","max-image-preview":"max-image-preview:large","max-video-preview":"max-video-preview:-1"},"canonical":"https:\/\/zanotti.com.br\/linha-de-produtos\/","og_locale":"es_ES","og_type":"article","og_title":"[:pb]Linha de produtos[:en]Product Lines[:es]L\u00ednea de Productos[:] - Zanotti El\u00e1sticos","og_description":"Conhe\u00e7a as linhas de produtos da Zanotti: solu\u00e7\u00f5es para moda \u00edntima, praia, fitness, casual e aplica\u00e7\u00f5es industriais. El\u00e1sticos de qualidade!","og_url":"https:\/\/zanotti.com.br\/linha-de-produtos\/","og_site_name":"Zanotti El\u00e1sticos","article_modified_time":"2025-07-15T11:10:02+00:00","twitter_card":"summary_large_image","schema":{"@context":"https:\/\/schema.org","@graph":[{"@type":"WebPage","@id":"https:\/\/zanotti.com.br\/linha-de-produtos\/","url":"https:\/\/zanotti.com.br\/linha-de-produtos\/","name":"[:pb]Linha de produtos[:en]Product Lines[:es]L\u00ednea de Productos[:] - Zanotti El\u00e1sticos","isPartOf":{"@id":"https:\/\/zanotti.com.br\/#website"},"datePublished":"2024-11-21T12:50:46+00:00","dateModified":"2025-07-15T11:10:02+00:00","description":"Conhe\u00e7a as linhas de produtos da Zanotti: solu\u00e7\u00f5es para moda \u00edntima, praia, fitness, casual e aplica\u00e7\u00f5es industriais. El\u00e1sticos de qualidade!","breadcrumb":{"@id":"https:\/\/zanotti.com.br\/linha-de-produtos\/#breadcrumb"},"inLanguage":"es","potentialAction":[{"@type":"ReadAction","target":["https:\/\/zanotti.com.br\/linha-de-produtos\/"]}]},{"@type":"BreadcrumbList","@id":"https:\/\/zanotti.com.br\/linha-de-produtos\/#breadcrumb","itemListElement":[{"@type":"ListItem","position":1,"name":"In\u00edcio","item":"https:\/\/zanotti.com.br\/"},{"@type":"ListItem","position":2,"name":"Linha de produtos"}]},{"@type":"WebSite","@id":"https:\/\/zanotti.com.br\/#website","url":"https:\/\/zanotti.com.br\/","name":"Zanotti El\u00e1sticos","description":"","publisher":{"@id":"https:\/\/zanotti.com.br\/#organization"},"potentialAction":[{"@type":"SearchAction","target":{"@type":"EntryPoint","urlTemplate":"https:\/\/zanotti.com.br\/?s={search_term_string}"},"query-input":{"@type":"PropertyValueSpecification","valueRequired":true,"valueName":"search_term_string"}}],"inLanguage":"es"},{"@type":"Organization","@id":"https:\/\/zanotti.com.br\/#organization","name":"Zanotti El\u00e1sticos","url":"https:\/\/zanotti.com.br\/","logo":{"@type":"ImageObject","inLanguage":"es","@id":"https:\/\/zanotti.com.br\/#\/schema\/logo\/image\/","url":"https:\/\/zanotti.com.br\/wp-content\/uploads\/2025\/01\/zanotti-icone.png","contentUrl":"https:\/\/zanotti.com.br\/wp-content\/uploads\/2025\/01\/zanotti-icone.png","width":512,"height":512,"caption":"Zanotti El\u00e1sticos"},"image":{"@id":"https:\/\/zanotti.com.br\/#\/schema\/logo\/image\/"}}]}},"_links":{"self":[{"href":"https:\/\/zanotti.com.br\/es\/wp-json\/wp\/v2\/pages\/2","targetHints":{"allow":["GET"]}}],"collection":[{"href":"https:\/\/zanotti.com.br\/es\/wp-json\/wp\/v2\/pages"}],"about":[{"href":"https:\/\/zanotti.com.br\/es\/wp-json\/wp\/v2\/types\/page"}],"author":[{"embeddable":true,"href":"https:\/\/zanotti.com.br\/es\/wp-json\/wp\/v2\/users\/1"}],"replies":[{"embeddable":true,"href":"https:\/\/zanotti.com.br\/es\/wp-json\/wp\/v2\/comments?post=2"}],"version-history":[{"count":14,"href":"https:\/\/zanotti.com.br\/es\/wp-json\/wp\/v2\/pages\/2\/revisions"}],"predecessor-version":[{"id":1160,"href":"https:\/\/zanotti.com.br\/es\/wp-json\/wp\/v2\/pages\/2\/revisions\/1160"}],"wp:attachment":[{"href":"https:\/\/zanotti.com.br\/es\/wp-json\/wp\/v2\/media?parent=2"}],"curies":[{"name":"wp","href":"https:\/\/api.w.org\/{rel}","templated":true}]}}