{"id":282,"date":"2024-12-03T08:52:40","date_gmt":"2024-12-03T11:52:40","guid":{"rendered":"https:\/\/zanotti.com.br\/?page_id=282"},"modified":"2025-07-16T11:26:05","modified_gmt":"2025-07-16T14:26:05","slug":"contato","status":"publish","type":"page","link":"https:\/\/zanotti.com.br\/es\/contato\/","title":{"rendered":"Contacto"},"content":{"rendered":"<p>\n<div class=\"wpcf7 no-js\" id=\"wpcf7-f1187-o3\" lang=\"pt-BR\" dir=\"ltr\" data-wpcf7-id=\"1187\">\n<div class=\"screen-reader-response\"><p role=\"status\" aria-live=\"polite\" aria-atomic=\"true\"><\/p> <ul><\/ul><\/div>\n<form action=\"\/es\/wp-json\/wp\/v2\/pages\/282#wpcf7-f1187-o3\" method=\"post\" class=\"wpcf7-form init wpcf7-acceptance-as-validation\" aria-label=\"Formul\u00e1rios de contato\" novalidate=\"novalidate\" data-status=\"init\">\n<fieldset class=\"hidden-fields-container\"><input type=\"hidden\" name=\"_wpcf7\" value=\"1187\" \/><input type=\"hidden\" name=\"_wpcf7_version\" value=\"6.1.5\" \/><input type=\"hidden\" name=\"_wpcf7_locale\" value=\"pt_BR\" \/><input type=\"hidden\" name=\"_wpcf7_unit_tag\" value=\"wpcf7-f1187-o3\" \/><input type=\"hidden\" name=\"_wpcf7_container_post\" value=\"0\" \/><input type=\"hidden\" name=\"_wpcf7_posted_data_hash\" value=\"\" \/><input type=\"hidden\" name=\"_wpcf7_recaptcha_response\" value=\"\" \/>\n<\/fieldset>\n<div class=\"row\">\n\t<div class=\"col-12\">\n\t\t<p><span class=\"wpcf7-form-control-wrap\" data-name=\"setor\"><select class=\"wpcf7-form-control wpcf7-select wpcf7-validates-as-required\" aria-required=\"true\" aria-invalid=\"false\" name=\"setor\"><option value=\"\">&#8212;Escolha uma op\u00e7\u00e3o&#8212;<\/option><option value=\"Tengo preguntas\">Tengo preguntas<\/option><option value=\"Cr\u00edticas\">Cr\u00edticas<\/option><option value=\"Sugerencias\">Sugerencias<\/option><\/select><\/span>\n\t\t<\/p>\n\t<\/div>\n\t<div class=\"col-12\">\n\t\t<p><span class=\"wpcf7-form-control-wrap\" data-name=\"nome\"><input size=\"40\" maxlength=\"400\" class=\"wpcf7-form-control wpcf7-text wpcf7-validates-as-required\" aria-required=\"true\" aria-invalid=\"false\" placeholder=\"Nombre\" value=\"\" type=\"text\" name=\"nome\" \/><\/span>\n\t\t<\/p>\n\t<\/div>\n\t<div class=\"col-12\">\n\t\t<p><span class=\"wpcf7-form-control-wrap\" data-name=\"email\"><input size=\"40\" maxlength=\"400\" class=\"wpcf7-form-control wpcf7-email wpcf7-validates-as-required wpcf7-text wpcf7-validates-as-email\" aria-required=\"true\" aria-invalid=\"false\" placeholder=\"E-mail\" value=\"\" type=\"email\" name=\"email\" \/><\/span>\n\t\t<\/p>\n\t<\/div>\n\t<div class=\"col-12\">\n\t\t<p><span class=\"wpcf7-form-control-wrap\" data-name=\"telefone\"><input size=\"40\" maxlength=\"400\" class=\"wpcf7-form-control wpcf7-tel wpcf7-validates-as-required wpcf7-text wpcf7-validates-as-tel\" aria-required=\"true\" aria-invalid=\"false\" placeholder=\"Tel\u00e9fone\" value=\"\" type=\"tel\" name=\"telefone\" \/><\/span>\n\t\t<\/p>\n\t<\/div>\n\t<div class=\"col-12\">\n\t\t<p><span class=\"wpcf7-form-control-wrap\" data-name=\"mensagem\"><textarea cols=\"40\" rows=\"4\" maxlength=\"2000\" class=\"wpcf7-form-control wpcf7-textarea\" aria-invalid=\"false\" placeholder=\"Mensaje\" name=\"mensagem\"><\/textarea><\/span>\n\t\t<\/p>\n\t<\/div>\n\t<div class=\"col-12\">\n\t\t<p><span class=\"wpcf7-form-control-wrap\" data-name=\"acceptance\"><span class=\"wpcf7-form-control wpcf7-acceptance\"><span class=\"wpcf7-list-item\"><label><input type=\"checkbox\" name=\"acceptance\" value=\"1\" aria-invalid=\"false\" \/><span class=\"wpcf7-list-item-label\">Acepto el uso de mis datos para el env\u00edo de novedades, informaci\u00f3n sobre productos y comunicaciones personalizadas de Zanotti. Y que al facilitarme mis datos estar\u00e9 consintiendo la Pol\u00edtica de Privacidad.<\/span><\/label><\/span><\/span><\/span>\n\t\t<\/p>\n\t<\/div>\n\t<div class=\"col-12\">\n\t\t<p><input class=\"wpcf7-form-control wpcf7-submit has-spinner button button--primary\" type=\"submit\" value=\"Enviar\" \/>\n\t\t<\/p>\n\t<\/div>\n<\/div><div class=\"wpcf7-response-output\" aria-hidden=\"true\"><\/div>\n<\/form>\n<\/div>\n<\/p>","protected":false},"excerpt":{"rendered":"","protected":false},"author":1,"featured_media":0,"parent":0,"menu_order":0,"comment_status":"closed","ping_status":"closed","template":"page-contato.php","meta":{"_acf_changed":false,"footnotes":""},"class_list":["post-282","page","type-page","status-publish","hentry"],"acf":[],"yoast_head":"<!-- This site is optimized with the Yoast SEO plugin v27.4 - https:\/\/yoast.com\/product\/yoast-seo-wordpress\/ -->\n<title>Contacto - Zanotti El\u00e1sticos<\/title>\n<meta name=\"description\" content=\"Entre em contato com a Zanotti El\u00e1sticos. Fale com nossa equipe e tire d\u00favidas sobre produtos, compras, parcerias ou representa\u00e7\u00e3o comercial.\" \/>\n<meta name=\"robots\" content=\"index, follow, max-snippet:-1, max-image-preview:large, max-video-preview:-1\" \/>\n<link rel=\"canonical\" href=\"https:\/\/zanotti.com.br\/contato\/\" \/>\n<meta property=\"og:locale\" content=\"es_ES\" \/>\n<meta property=\"og:type\" content=\"article\" \/>\n<meta property=\"og:title\" content=\"[:pb]Tenho d\u00favidas, cr\u00edticas ou sugest\u00f5es[:en]Contact[:es]Contacto[:] - Zanotti El\u00e1sticos\" \/>\n<meta property=\"og:description\" content=\"Entre em contato com a Zanotti El\u00e1sticos. Fale com nossa equipe e tire d\u00favidas sobre produtos, compras, parcerias ou representa\u00e7\u00e3o comercial.\" \/>\n<meta property=\"og:url\" content=\"https:\/\/zanotti.com.br\/contato\/\" \/>\n<meta property=\"og:site_name\" content=\"Zanotti El\u00e1sticos\" \/>\n<meta property=\"article:modified_time\" content=\"2025-07-16T14:26:05+00:00\" \/>\n<meta name=\"twitter:card\" content=\"summary_large_image\" \/>\n<meta name=\"twitter:label1\" content=\"Tiempo de lectura\" \/>\n\t<meta name=\"twitter:data1\" content=\"1 minuto\" \/>\n<script type=\"application\/ld+json\" class=\"yoast-schema-graph\">{\"@context\":\"https:\\\/\\\/schema.org\",\"@graph\":[{\"@type\":\"WebPage\",\"@id\":\"https:\\\/\\\/zanotti.com.br\\\/contato\\\/\",\"url\":\"https:\\\/\\\/zanotti.com.br\\\/contato\\\/\",\"name\":\"[:pb]Tenho d\u00favidas, cr\u00edticas ou sugest\u00f5es[:en]Contact[:es]Contacto[:] - Zanotti El\u00e1sticos\",\"isPartOf\":{\"@id\":\"https:\\\/\\\/zanotti.com.br\\\/#website\"},\"datePublished\":\"2024-12-03T11:52:40+00:00\",\"dateModified\":\"2025-07-16T14:26:05+00:00\",\"description\":\"Entre em contato com a Zanotti El\u00e1sticos. Fale com nossa equipe e tire d\u00favidas sobre produtos, compras, parcerias ou representa\u00e7\u00e3o comercial.\",\"breadcrumb\":{\"@id\":\"https:\\\/\\\/zanotti.com.br\\\/contato\\\/#breadcrumb\"},\"inLanguage\":\"es\",\"potentialAction\":[{\"@type\":\"ReadAction\",\"target\":[\"https:\\\/\\\/zanotti.com.br\\\/contato\\\/\"]}]},{\"@type\":\"BreadcrumbList\",\"@id\":\"https:\\\/\\\/zanotti.com.br\\\/contato\\\/#breadcrumb\",\"itemListElement\":[{\"@type\":\"ListItem\",\"position\":1,\"name\":\"In\u00edcio\",\"item\":\"https:\\\/\\\/zanotti.com.br\\\/\"},{\"@type\":\"ListItem\",\"position\":2,\"name\":\"Tenho d\u00favidas, cr\u00edticas ou sugest\u00f5es\"}]},{\"@type\":\"WebSite\",\"@id\":\"https:\\\/\\\/zanotti.com.br\\\/#website\",\"url\":\"https:\\\/\\\/zanotti.com.br\\\/\",\"name\":\"Zanotti El\u00e1sticos\",\"description\":\"\",\"publisher\":{\"@id\":\"https:\\\/\\\/zanotti.com.br\\\/#organization\"},\"potentialAction\":[{\"@type\":\"SearchAction\",\"target\":{\"@type\":\"EntryPoint\",\"urlTemplate\":\"https:\\\/\\\/zanotti.com.br\\\/?s={search_term_string}\"},\"query-input\":{\"@type\":\"PropertyValueSpecification\",\"valueRequired\":true,\"valueName\":\"search_term_string\"}}],\"inLanguage\":\"es\"},{\"@type\":\"Organization\",\"@id\":\"https:\\\/\\\/zanotti.com.br\\\/#organization\",\"name\":\"Zanotti El\u00e1sticos\",\"url\":\"https:\\\/\\\/zanotti.com.br\\\/\",\"logo\":{\"@type\":\"ImageObject\",\"inLanguage\":\"es\",\"@id\":\"https:\\\/\\\/zanotti.com.br\\\/#\\\/schema\\\/logo\\\/image\\\/\",\"url\":\"https:\\\/\\\/zanotti.com.br\\\/wp-content\\\/uploads\\\/2025\\\/01\\\/zanotti-icone.png\",\"contentUrl\":\"https:\\\/\\\/zanotti.com.br\\\/wp-content\\\/uploads\\\/2025\\\/01\\\/zanotti-icone.png\",\"width\":512,\"height\":512,\"caption\":\"Zanotti El\u00e1sticos\"},\"image\":{\"@id\":\"https:\\\/\\\/zanotti.com.br\\\/#\\\/schema\\\/logo\\\/image\\\/\"}}]}<\/script>\n<!-- \/ Yoast SEO plugin. -->","yoast_head_json":{"title":"[:pb]Tenho d\u00favidas, cr\u00edticas ou sugest\u00f5es[:en]Contact[:es]Contacto[:] - Zanotti El\u00e1sticos","description":"Entre em contato com a Zanotti El\u00e1sticos. Fale com nossa equipe e tire d\u00favidas sobre produtos, compras, parcerias ou representa\u00e7\u00e3o comercial.","robots":{"index":"index","follow":"follow","max-snippet":"max-snippet:-1","max-image-preview":"max-image-preview:large","max-video-preview":"max-video-preview:-1"},"canonical":"https:\/\/zanotti.com.br\/contato\/","og_locale":"es_ES","og_type":"article","og_title":"[:pb]Tenho d\u00favidas, cr\u00edticas ou sugest\u00f5es[:en]Contact[:es]Contacto[:] - Zanotti El\u00e1sticos","og_description":"Entre em contato com a Zanotti El\u00e1sticos. Fale com nossa equipe e tire d\u00favidas sobre produtos, compras, parcerias ou representa\u00e7\u00e3o comercial.","og_url":"https:\/\/zanotti.com.br\/contato\/","og_site_name":"Zanotti El\u00e1sticos","article_modified_time":"2025-07-16T14:26:05+00:00","twitter_card":"summary_large_image","twitter_misc":{"Tiempo de lectura":"1 minuto"},"schema":{"@context":"https:\/\/schema.org","@graph":[{"@type":"WebPage","@id":"https:\/\/zanotti.com.br\/contato\/","url":"https:\/\/zanotti.com.br\/contato\/","name":"[:pb]Tenho d\u00favidas, cr\u00edticas ou sugest\u00f5es[:en]Contact[:es]Contacto[:] - Zanotti El\u00e1sticos","isPartOf":{"@id":"https:\/\/zanotti.com.br\/#website"},"datePublished":"2024-12-03T11:52:40+00:00","dateModified":"2025-07-16T14:26:05+00:00","description":"Entre em contato com a Zanotti El\u00e1sticos. Fale com nossa equipe e tire d\u00favidas sobre produtos, compras, parcerias ou representa\u00e7\u00e3o comercial.","breadcrumb":{"@id":"https:\/\/zanotti.com.br\/contato\/#breadcrumb"},"inLanguage":"es","potentialAction":[{"@type":"ReadAction","target":["https:\/\/zanotti.com.br\/contato\/"]}]},{"@type":"BreadcrumbList","@id":"https:\/\/zanotti.com.br\/contato\/#breadcrumb","itemListElement":[{"@type":"ListItem","position":1,"name":"In\u00edcio","item":"https:\/\/zanotti.com.br\/"},{"@type":"ListItem","position":2,"name":"Tenho d\u00favidas, cr\u00edticas ou sugest\u00f5es"}]},{"@type":"WebSite","@id":"https:\/\/zanotti.com.br\/#website","url":"https:\/\/zanotti.com.br\/","name":"Zanotti El\u00e1sticos","description":"","publisher":{"@id":"https:\/\/zanotti.com.br\/#organization"},"potentialAction":[{"@type":"SearchAction","target":{"@type":"EntryPoint","urlTemplate":"https:\/\/zanotti.com.br\/?s={search_term_string}"},"query-input":{"@type":"PropertyValueSpecification","valueRequired":true,"valueName":"search_term_string"}}],"inLanguage":"es"},{"@type":"Organization","@id":"https:\/\/zanotti.com.br\/#organization","name":"Zanotti El\u00e1sticos","url":"https:\/\/zanotti.com.br\/","logo":{"@type":"ImageObject","inLanguage":"es","@id":"https:\/\/zanotti.com.br\/#\/schema\/logo\/image\/","url":"https:\/\/zanotti.com.br\/wp-content\/uploads\/2025\/01\/zanotti-icone.png","contentUrl":"https:\/\/zanotti.com.br\/wp-content\/uploads\/2025\/01\/zanotti-icone.png","width":512,"height":512,"caption":"Zanotti El\u00e1sticos"},"image":{"@id":"https:\/\/zanotti.com.br\/#\/schema\/logo\/image\/"}}]}},"_links":{"self":[{"href":"https:\/\/zanotti.com.br\/es\/wp-json\/wp\/v2\/pages\/282","targetHints":{"allow":["GET"]}}],"collection":[{"href":"https:\/\/zanotti.com.br\/es\/wp-json\/wp\/v2\/pages"}],"about":[{"href":"https:\/\/zanotti.com.br\/es\/wp-json\/wp\/v2\/types\/page"}],"author":[{"embeddable":true,"href":"https:\/\/zanotti.com.br\/es\/wp-json\/wp\/v2\/users\/1"}],"replies":[{"embeddable":true,"href":"https:\/\/zanotti.com.br\/es\/wp-json\/wp\/v2\/comments?post=282"}],"version-history":[{"count":9,"href":"https:\/\/zanotti.com.br\/es\/wp-json\/wp\/v2\/pages\/282\/revisions"}],"predecessor-version":[{"id":1220,"href":"https:\/\/zanotti.com.br\/es\/wp-json\/wp\/v2\/pages\/282\/revisions\/1220"}],"wp:attachment":[{"href":"https:\/\/zanotti.com.br\/es\/wp-json\/wp\/v2\/media?parent=282"}],"curies":[{"name":"wp","href":"https:\/\/api.w.org\/{rel}","templated":true}]}}